{"id":843,"date":"2026-03-29T07:12:46","date_gmt":"2026-03-29T07:12:46","guid":{"rendered":"https:\/\/carolinischmidt.com\/?post_type=product&#038;p=843"},"modified":"2026-04-13T03:44:51","modified_gmt":"2026-04-13T03:44:51","slug":"mix-de-velas-florais","status":"publish","type":"product","link":"https:\/\/carolinischmidt.com\/?product=mix-de-velas-florais","title":{"rendered":"Mix de Velas Florais"},"content":{"rendered":"<p data-path-to-node=\"8,0\"><b data-path-to-node=\"8,0\" data-index-in-node=\"0\">Crie seu pr\u00f3prio jardim de luz e presen\u00e7a.<\/b><\/p>\n<p data-path-to-node=\"8,1\">O nosso <b data-path-to-node=\"8,1\" data-index-in-node=\"8\">Mix de Velas Florais<\/b> foi desenhado para quem busca soberania na escolha. Aqui, a <b data-path-to-node=\"8,1\" data-index-in-node=\"89\">Engenharia Sensorial<\/b> da LUXINTER se encontra com a sua intui\u00e7\u00e3o. Voc\u00ea tem a liberdade de personalizar o seu objeto de transi\u00e7\u00e3o, escolhendo a forma da flor que mais ressoa com seu momento e a alquimia arom\u00e1tica que ir\u00e1 transmutar o seu territ\u00f3rio.<\/p>\n<p data-path-to-node=\"8,2\">\n","protected":false},"excerpt":{"rendered":"<p>Crie seu pr\u00f3prio jardim de luz e presen\u00e7a. O nosso Mix de Velas Florais foi desenhado para quem busca soberania na escolha. Aqui, a Engenharia Sensorial da LUXINTER se encontra com a sua intui\u00e7\u00e3o. Voc\u00ea tem a liberdade de personalizar o seu objeto de transi\u00e7\u00e3o, escolhendo a forma da flor que mais ressoa com seu [&hellip;]<\/p>\n","protected":false},"featured_media":885,"comment_status":"open","ping_status":"closed","template":"","meta":{"jetpack_post_was_ever_published":false,"jetpack_publicize_message":"","jetpack_publicize_feature_enabled":true,"jetpack_social_post_already_shared":true,"jetpack_social_options":{"image_generator_settings":{"template":"highway","default_image_id":0,"font":"","enabled":false},"version":2}},"location":[91],"product_brand":[],"product_cat":[156],"product_tag":[206,205,207,151,172,204],"class_list":{"0":"post-843","1":"product","2":"type-product","3":"status-publish","4":"has-post-thumbnail","6":"location-shop-nz","7":"product_cat-velas","8":"product_tag-aromas","9":"product_tag-aromaterapia","10":"product_tag-candles","11":"product_tag-oleos-essenciais","12":"product_tag-ritual-de-presenca","13":"product_tag-velas","15":"first","16":"instock","17":"shipping-taxable","18":"purchasable","19":"product-type-variable"},"jetpack_publicize_connections":[],"locations":[{"id":91,"name":"Shop NZ","slug":"shop-nz","quantity":""}],"jetpack_sharing_enabled":true,"jetpack_likes_enabled":true,"_links":{"self":[{"href":"https:\/\/carolinischmidt.com\/index.php?rest_route=\/wp\/v2\/product\/843","targetHints":{"allow":["GET"]}}],"collection":[{"href":"https:\/\/carolinischmidt.com\/index.php?rest_route=\/wp\/v2\/product"}],"about":[{"href":"https:\/\/carolinischmidt.com\/index.php?rest_route=\/wp\/v2\/types\/product"}],"replies":[{"embeddable":true,"href":"https:\/\/carolinischmidt.com\/index.php?rest_route=%2Fwp%2Fv2%2Fcomments&post=843"}],"version-history":[{"count":3,"href":"https:\/\/carolinischmidt.com\/index.php?rest_route=\/wp\/v2\/product\/843\/revisions"}],"predecessor-version":[{"id":887,"href":"https:\/\/carolinischmidt.com\/index.php?rest_route=\/wp\/v2\/product\/843\/revisions\/887"}],"wp:featuredmedia":[{"embeddable":true,"href":"https:\/\/carolinischmidt.com\/index.php?rest_route=\/wp\/v2\/media\/885"}],"wp:attachment":[{"href":"https:\/\/carolinischmidt.com\/index.php?rest_route=%2Fwp%2Fv2%2Fmedia&parent=843"}],"wp:term":[{"taxonomy":"location","embeddable":true,"href":"https:\/\/carolinischmidt.com\/index.php?rest_route=%2Fwp%2Fv2%2Flocation&post=843"},{"taxonomy":"product_brand","embeddable":true,"href":"https:\/\/carolinischmidt.com\/index.php?rest_route=%2Fwp%2Fv2%2Fproduct_brand&post=843"},{"taxonomy":"product_cat","embeddable":true,"href":"https:\/\/carolinischmidt.com\/index.php?rest_route=%2Fwp%2Fv2%2Fproduct_cat&post=843"},{"taxonomy":"product_tag","embeddable":true,"href":"https:\/\/carolinischmidt.com\/index.php?rest_route=%2Fwp%2Fv2%2Fproduct_tag&post=843"}],"curies":[{"name":"wp","href":"https:\/\/api.w.org\/{rel}","templated":true}]}}